{"id":169,"date":"2026-02-24T13:23:55","date_gmt":"2026-02-24T11:23:55","guid":{"rendered":"https:\/\/metiersdelair.ro\/?post_type=product&#038;p=169"},"modified":"2026-02-24T13:51:02","modified_gmt":"2026-02-24T11:51:02","slug":"rezonator-coroana-robert-bigio","status":"publish","type":"product","link":"https:\/\/metiersdelair.ro\/en\/product\/rezonator-coroana-robert-bigio\/","title":{"rendered":"Rezonator &#038; Coroan\u0103 Robert Bigio"},"content":{"rendered":"<p>O \u00eembun\u0103t\u0103\u021bire simpl\u0103, accesibil\u0103 \u0219i u\u0219or de instalat pentru orice cap de flaut.<br \/>\n\u00cendep\u0103rta\u021bi pur \u0219i simplu coroana \u0219i dopul existente din capul de flaut, monta\u021bi noul dop, apoi fixa\u021bi noua coroan\u0103. Diferen\u021ba \u00een sunet \u0219i \u00een r\u0103spuns este uimitoare.<br \/>\nDopurile sunt realizate din zirconiu. Coroanele sunt pot fi fabricate (se pot comanda) \u0219i din African Blackwood (cunoscut \u0219i sub numele de Grenadilla) sau Delrin (un plastic dur). At\u00e2t dopurile, c\u00e2t \u0219i coroanele sunt fixate cu ajutorul unui o-ring (cauciuc). Coroane din zirconiu sunt acum disponibile \u00een culoare natural\u0103, dar pot fi comandate tratate termic, \u00eentr-un negru profund cu efect de oglind\u0103.<\/p>\n<p>Flauti\u0219tii sunt uimi\u021bi de c\u00e2t de mult se schimb\u0103 sunetul unui flaut dup\u0103 montarea acestor componente. Cei care le folosesc spun c\u0103 instrumentele lor au devenit mai puternice, mai omogene \u0219i mai receptive. <\/p>\n<p>Dopurile se potrivesc cu aproape orice cap de flaut, \u00eens\u0103 coroanele trebuie realizate la comand\u0103, acolo unde m\u0103surile standard nu sunt adecvate. Orice reparator de instrumente sau inginer poate face aceast\u0103 m\u0103sur\u0103toare \u00een c\u00e2teva secunde folosind un \u0219ubler (vernier caliper).<\/p>","protected":false},"excerpt":{"rendered":"<p>O \u00eembun\u0103t\u0103\u021bire simpl\u0103, accesibil\u0103 \u0219i u\u0219or de instalat pentru orice cap de flaut. \u00cendep\u0103rta\u021bi pur \u0219i simplu coroana \u0219i dopul existente din capul de flaut, monta\u021bi noul dop, apoi fixa\u021bi noua coroan\u0103. Diferen\u021ba \u00een sunet \u0219i \u00een r\u0103spuns este uimitoare. Dopurile sunt realizate din zirconiu. Coroanele sunt pot fi fabricate (se pot comanda) \u0219i din [&hellip;]<\/p>\n","protected":false},"featured_media":173,"comment_status":"open","ping_status":"closed","template":"","meta":{"_et_pb_use_builder":"","_et_pb_old_content":"","_et_gb_content_width":""},"product_brand":[],"product_cat":[19],"product_tag":[],"class_list":{"0":"post-169","1":"product","2":"type-product","3":"status-publish","4":"has-post-thumbnail","6":"product_cat-uncategorised","8":"first","9":"instock","10":"shipping-taxable","11":"purchasable","12":"product-type-variable","13":"has-default-attributes"},"jetpack_sharing_enabled":true,"_links":{"self":[{"href":"https:\/\/metiersdelair.ro\/en\/wp-json\/wp\/v2\/product\/169","targetHints":{"allow":["GET"]}}],"collection":[{"href":"https:\/\/metiersdelair.ro\/en\/wp-json\/wp\/v2\/product"}],"about":[{"href":"https:\/\/metiersdelair.ro\/en\/wp-json\/wp\/v2\/types\/product"}],"replies":[{"embeddable":true,"href":"https:\/\/metiersdelair.ro\/en\/wp-json\/wp\/v2\/comments?post=169"}],"wp:featuredmedia":[{"embeddable":true,"href":"https:\/\/metiersdelair.ro\/en\/wp-json\/wp\/v2\/media\/173"}],"wp:attachment":[{"href":"https:\/\/metiersdelair.ro\/en\/wp-json\/wp\/v2\/media?parent=169"}],"wp:term":[{"taxonomy":"product_brand","embeddable":true,"href":"https:\/\/metiersdelair.ro\/en\/wp-json\/wp\/v2\/product_brand?post=169"},{"taxonomy":"product_cat","embeddable":true,"href":"https:\/\/metiersdelair.ro\/en\/wp-json\/wp\/v2\/product_cat?post=169"},{"taxonomy":"product_tag","embeddable":true,"href":"https:\/\/metiersdelair.ro\/en\/wp-json\/wp\/v2\/product_tag?post=169"}],"curies":[{"name":"wp","href":"https:\/\/api.w.org\/{rel}","templated":true}]}}